{"id":1263,"date":"2024-06-29T22:54:16","date_gmt":"2024-06-29T20:54:16","guid":{"rendered":"https:\/\/www.gp-kematen.at\/?page_id=1263"},"modified":"2024-06-30T21:11:41","modified_gmt":"2024-06-30T19:11:41","slug":"elementor-1263","status":"publish","type":"page","link":"https:\/\/www.gp-kematen.at\/?page_id=1263","title":{"rendered":"impressum"},"content":{"rendered":"\t\t<div data-elementor-type=\"wp-page\" data-elementor-id=\"1263\" class=\"elementor elementor-1263\">\n\t\t\t\t<div class=\"elementor-element elementor-element-100af40 e-flex e-con-boxed wpr-particle-no wpr-jarallax-no wpr-parallax-no wpr-sticky-section-no wpr-equal-height-no e-con e-parent\" data-id=\"100af40\" data-element_type=\"container\" data-e-type=\"container\" data-settings=\"{&quot;background_background&quot;:&quot;classic&quot;}\">\n\t\t\t\t\t<div class=\"e-con-inner\">\n\t\t\t\t<div class=\"elementor-element elementor-element-6bac5d9 elementor-widget elementor-widget-heading\" data-id=\"6bac5d9\" data-element_type=\"widget\" data-e-type=\"widget\" data-widget_type=\"heading.default\">\n\t\t\t\t<div class=\"elementor-widget-container\">\n\t\t\t\t\t<h2 class=\"elementor-heading-title elementor-size-default\">Impressum<\/h2>\t\t\t\t<\/div>\n\t\t\t\t<\/div>\n\t\t\t\t<div class=\"elementor-element elementor-element-c15831c elementor-widget elementor-widget-text-editor\" data-id=\"c15831c\" data-element_type=\"widget\" data-e-type=\"widget\" data-widget_type=\"text-editor.default\">\n\t\t\t\t<div class=\"elementor-widget-container\">\n\t\t\t\t\t\t\t\t\t<p>Information gem\u00e4\u00df \u00a7 5 E-Commerce-Gesetz und Offenlegung gem\u00e4\u00df \u00a7 25 Mediengesetz:<\/p><p>Diensteanbieter und Medieninhaber:<br \/>Dr. Julian Kodada-Kern &amp; Dr. Sabrina Jetzinger<br \/>Gruppenpraxis f\u00fcr Allgemeinmedizin OG<br \/>Bergfeldstra\u00dfe 6, 4531 Kematen an der Krems<\/p><p>Tel.: +43 7228 7264<br \/>Fax: +43 7228 7264 -12<br \/>E-Mail: mail@gp-kematen.at<br \/>Homepage: www.gp-kematen.at<\/p><p>Mitglieder der \u00c4rztekammer f\u00fcr Ober\u00f6sterreich<br \/>Berufsbezeichnung: \u00c4rzte f\u00fcr Allgemeinmedizin<br \/>(verliehen in \u00d6sterreich)<br \/>T\u00e4tigkeit unterliegt dem \u00c4rztegesetz 1998<br \/>(siehe \/www.ris.bka.gv.at\/bundesrecht)<br \/>UID-Nr.: ATU 74503548<br \/>FN: FN513110z<\/p>\t\t\t\t\t\t\t\t<\/div>\n\t\t\t\t<\/div>\n\t\t\t\t\t<\/div>\n\t\t\t\t<\/div>\n\t\t\t\t<\/div>\n\t\t","protected":false},"excerpt":{"rendered":"<p>Impressum Information gem\u00e4\u00df \u00a7 5 E-Commerce-Gesetz und Offenlegung gem\u00e4\u00df \u00a7 25 Mediengesetz: Diensteanbieter und Medieninhaber:Dr. Julian Kodada-Kern &amp; Dr. Sabrina JetzingerGruppenpraxis f\u00fcr Allgemeinmedizin OGBergfeldstra\u00dfe 6, 4531 Kematen an der Krems Tel.: +43 7228 7264Fax: +43 7228 7264 -12E-Mail: mail@gp-kematen.atHomepage: www.gp-kematen.at Mitglieder der \u00c4rztekammer f\u00fcr Ober\u00f6sterreichBerufsbezeichnung: \u00c4rzte f\u00fcr Allgemeinmedizin(verliehen in \u00d6sterreich)T\u00e4tigkeit unterliegt dem \u00c4rztegesetz 1998(siehe \/www.ris.bka.gv.at\/bundesrecht)UID-Nr.: ATU 74503548FN: FN513110z<\/p>\n","protected":false},"author":1,"featured_media":0,"parent":0,"menu_order":0,"comment_status":"closed","ping_status":"closed","template":"page-templates\/template-pagebuilder-full-width.php","meta":{"neve_meta_sidebar":"","neve_meta_container":"","neve_meta_enable_content_width":"","neve_meta_content_width":0,"neve_meta_title_alignment":"","neve_meta_author_avatar":"","neve_post_elements_order":"","neve_meta_disable_header":"","neve_meta_disable_footer":"","neve_meta_disable_title":"","footnotes":""},"class_list":["post-1263","page","type-page","status-publish","hentry"],"yoast_head":"<!-- This site is optimized with the Yoast SEO plugin v24.2 - https:\/\/yoast.com\/wordpress\/plugins\/seo\/ -->\n<title>impressum - Gruppenpraxis Kematen<\/title>\n<meta name=\"robots\" content=\"index, follow, max-snippet:-1, max-image-preview:large, max-video-preview:-1\" \/>\n<link rel=\"canonical\" href=\"https:\/\/www.gp-kematen.at\/?page_id=1263\" \/>\n<meta property=\"og:locale\" content=\"de_DE\" \/>\n<meta property=\"og:type\" content=\"article\" \/>\n<meta property=\"og:title\" content=\"impressum - Gruppenpraxis Kematen\" \/>\n<meta property=\"og:description\" content=\"Impressum Information gem\u00e4\u00df \u00a7 5 E-Commerce-Gesetz und Offenlegung gem\u00e4\u00df \u00a7 25 Mediengesetz: Diensteanbieter und Medieninhaber:Dr. Julian Kodada-Kern &amp; Dr. Sabrina JetzingerGruppenpraxis f\u00fcr Allgemeinmedizin OGBergfeldstra\u00dfe 6, 4531 Kematen an der Krems Tel.: +43 7228 7264Fax: +43 7228 7264 -12E-Mail: mail@gp-kematen.atHomepage: www.gp-kematen.at Mitglieder der \u00c4rztekammer f\u00fcr Ober\u00f6sterreichBerufsbezeichnung: \u00c4rzte f\u00fcr Allgemeinmedizin(verliehen in \u00d6sterreich)T\u00e4tigkeit unterliegt dem \u00c4rztegesetz 1998(siehe \/www.ris.bka.gv.at\/bundesrecht)UID-Nr.: ATU 74503548FN: FN513110z\" \/>\n<meta property=\"og:url\" content=\"https:\/\/www.gp-kematen.at\/?page_id=1263\" \/>\n<meta property=\"og:site_name\" content=\"Gruppenpraxis Kematen\" \/>\n<meta property=\"article:modified_time\" content=\"2024-06-30T19:11:41+00:00\" \/>\n<meta name=\"twitter:card\" content=\"summary_large_image\" \/>\n<script type=\"application\/ld+json\" class=\"yoast-schema-graph\">{\"@context\":\"https:\/\/schema.org\",\"@graph\":[{\"@type\":[\"WebPage\",\"MedicalWebPage\"],\"@id\":\"https:\/\/www.gp-kematen.at\/?page_id=1263\",\"url\":\"https:\/\/www.gp-kematen.at\/?page_id=1263\",\"name\":\"impressum - Gruppenpraxis Kematen\",\"isPartOf\":{\"@id\":\"https:\/\/www.gp-kematen.at\/#website\"},\"datePublished\":\"2024-06-29T20:54:16+00:00\",\"dateModified\":\"2024-06-30T19:11:41+00:00\",\"breadcrumb\":{\"@id\":\"https:\/\/www.gp-kematen.at\/?page_id=1263#breadcrumb\"},\"inLanguage\":\"de\",\"potentialAction\":[{\"@type\":\"ReadAction\",\"target\":[\"https:\/\/www.gp-kematen.at\/?page_id=1263\"]}]},{\"@type\":\"BreadcrumbList\",\"@id\":\"https:\/\/www.gp-kematen.at\/?page_id=1263#breadcrumb\",\"itemListElement\":[{\"@type\":\"ListItem\",\"position\":1,\"name\":\"Startseite\",\"item\":\"https:\/\/www.gp-kematen.at\/\"},{\"@type\":\"ListItem\",\"position\":2,\"name\":\"impressum\"}]},{\"@type\":\"WebSite\",\"@id\":\"https:\/\/www.gp-kematen.at\/#website\",\"url\":\"https:\/\/www.gp-kematen.at\/\",\"name\":\"Gruppenpraxis Kematen\",\"description\":\"Dr. Kodada-Kern und Dr. Jetzinger Gruppenpraxis f\u00fcr Allgemeinmedizin OG\",\"publisher\":{\"@id\":\"https:\/\/www.gp-kematen.at\/#organization\"},\"alternateName\":\"Allgemeinmedizin Kematen\",\"potentialAction\":[{\"@type\":\"SearchAction\",\"target\":{\"@type\":\"EntryPoint\",\"urlTemplate\":\"https:\/\/www.gp-kematen.at\/?s={search_term_string}\"},\"query-input\":{\"@type\":\"PropertyValueSpecification\",\"valueRequired\":true,\"valueName\":\"search_term_string\"}}],\"inLanguage\":\"de\"},{\"@type\":\"Organization\",\"@id\":\"https:\/\/www.gp-kematen.at\/#organization\",\"name\":\"Gruppenpraxis Kematen\",\"alternateName\":\"Allgemeinmedizin Kematen\",\"url\":\"https:\/\/www.gp-kematen.at\/\",\"logo\":{\"@type\":\"ImageObject\",\"inLanguage\":\"de\",\"@id\":\"https:\/\/www.gp-kematen.at\/#\/schema\/logo\/image\/\",\"url\":\"https:\/\/www.gp-kematen.at\/wp-content\/uploads\/2024\/06\/GP-Kematen-pflaume-grau.png\",\"contentUrl\":\"https:\/\/www.gp-kematen.at\/wp-content\/uploads\/2024\/06\/GP-Kematen-pflaume-grau.png\",\"width\":7936,\"height\":1701,\"caption\":\"Gruppenpraxis Kematen\"},\"image\":{\"@id\":\"https:\/\/www.gp-kematen.at\/#\/schema\/logo\/image\/\"}}]}<\/script>\n<!-- \/ Yoast SEO plugin. -->","yoast_head_json":{"title":"impressum - Gruppenpraxis Kematen","robots":{"index":"index","follow":"follow","max-snippet":"max-snippet:-1","max-image-preview":"max-image-preview:large","max-video-preview":"max-video-preview:-1"},"canonical":"https:\/\/www.gp-kematen.at\/?page_id=1263","og_locale":"de_DE","og_type":"article","og_title":"impressum - Gruppenpraxis Kematen","og_description":"Impressum Information gem\u00e4\u00df \u00a7 5 E-Commerce-Gesetz und Offenlegung gem\u00e4\u00df \u00a7 25 Mediengesetz: Diensteanbieter und Medieninhaber:Dr. Julian Kodada-Kern &amp; Dr. Sabrina JetzingerGruppenpraxis f\u00fcr Allgemeinmedizin OGBergfeldstra\u00dfe 6, 4531 Kematen an der Krems Tel.: +43 7228 7264Fax: +43 7228 7264 -12E-Mail: mail@gp-kematen.atHomepage: www.gp-kematen.at Mitglieder der \u00c4rztekammer f\u00fcr Ober\u00f6sterreichBerufsbezeichnung: \u00c4rzte f\u00fcr Allgemeinmedizin(verliehen in \u00d6sterreich)T\u00e4tigkeit unterliegt dem \u00c4rztegesetz 1998(siehe \/www.ris.bka.gv.at\/bundesrecht)UID-Nr.: ATU 74503548FN: FN513110z","og_url":"https:\/\/www.gp-kematen.at\/?page_id=1263","og_site_name":"Gruppenpraxis Kematen","article_modified_time":"2024-06-30T19:11:41+00:00","twitter_card":"summary_large_image","schema":{"@context":"https:\/\/schema.org","@graph":[{"@type":["WebPage","MedicalWebPage"],"@id":"https:\/\/www.gp-kematen.at\/?page_id=1263","url":"https:\/\/www.gp-kematen.at\/?page_id=1263","name":"impressum - Gruppenpraxis Kematen","isPartOf":{"@id":"https:\/\/www.gp-kematen.at\/#website"},"datePublished":"2024-06-29T20:54:16+00:00","dateModified":"2024-06-30T19:11:41+00:00","breadcrumb":{"@id":"https:\/\/www.gp-kematen.at\/?page_id=1263#breadcrumb"},"inLanguage":"de","potentialAction":[{"@type":"ReadAction","target":["https:\/\/www.gp-kematen.at\/?page_id=1263"]}]},{"@type":"BreadcrumbList","@id":"https:\/\/www.gp-kematen.at\/?page_id=1263#breadcrumb","itemListElement":[{"@type":"ListItem","position":1,"name":"Startseite","item":"https:\/\/www.gp-kematen.at\/"},{"@type":"ListItem","position":2,"name":"impressum"}]},{"@type":"WebSite","@id":"https:\/\/www.gp-kematen.at\/#website","url":"https:\/\/www.gp-kematen.at\/","name":"Gruppenpraxis Kematen","description":"Dr. Kodada-Kern und Dr. Jetzinger Gruppenpraxis f\u00fcr Allgemeinmedizin OG","publisher":{"@id":"https:\/\/www.gp-kematen.at\/#organization"},"alternateName":"Allgemeinmedizin Kematen","potentialAction":[{"@type":"SearchAction","target":{"@type":"EntryPoint","urlTemplate":"https:\/\/www.gp-kematen.at\/?s={search_term_string}"},"query-input":{"@type":"PropertyValueSpecification","valueRequired":true,"valueName":"search_term_string"}}],"inLanguage":"de"},{"@type":"Organization","@id":"https:\/\/www.gp-kematen.at\/#organization","name":"Gruppenpraxis Kematen","alternateName":"Allgemeinmedizin Kematen","url":"https:\/\/www.gp-kematen.at\/","logo":{"@type":"ImageObject","inLanguage":"de","@id":"https:\/\/www.gp-kematen.at\/#\/schema\/logo\/image\/","url":"https:\/\/www.gp-kematen.at\/wp-content\/uploads\/2024\/06\/GP-Kematen-pflaume-grau.png","contentUrl":"https:\/\/www.gp-kematen.at\/wp-content\/uploads\/2024\/06\/GP-Kematen-pflaume-grau.png","width":7936,"height":1701,"caption":"Gruppenpraxis Kematen"},"image":{"@id":"https:\/\/www.gp-kematen.at\/#\/schema\/logo\/image\/"}}]}},"_links":{"self":[{"href":"https:\/\/www.gp-kematen.at\/index.php?rest_route=\/wp\/v2\/pages\/1263","targetHints":{"allow":["GET"]}}],"collection":[{"href":"https:\/\/www.gp-kematen.at\/index.php?rest_route=\/wp\/v2\/pages"}],"about":[{"href":"https:\/\/www.gp-kematen.at\/index.php?rest_route=\/wp\/v2\/types\/page"}],"author":[{"embeddable":true,"href":"https:\/\/www.gp-kematen.at\/index.php?rest_route=\/wp\/v2\/users\/1"}],"replies":[{"embeddable":true,"href":"https:\/\/www.gp-kematen.at\/index.php?rest_route=%2Fwp%2Fv2%2Fcomments&post=1263"}],"version-history":[{"count":18,"href":"https:\/\/www.gp-kematen.at\/index.php?rest_route=\/wp\/v2\/pages\/1263\/revisions"}],"predecessor-version":[{"id":1430,"href":"https:\/\/www.gp-kematen.at\/index.php?rest_route=\/wp\/v2\/pages\/1263\/revisions\/1430"}],"wp:attachment":[{"href":"https:\/\/www.gp-kematen.at\/index.php?rest_route=%2Fwp%2Fv2%2Fmedia&parent=1263"}],"curies":[{"name":"wp","href":"https:\/\/api.w.org\/{rel}","templated":true}]}}